{"id":72,"date":"2020-01-21T08:21:17","date_gmt":"2020-01-21T07:21:17","guid":{"rendered":"https:\/\/www.nanofluor.de\/?page_id=72"},"modified":"2026-02-03T20:59:27","modified_gmt":"2026-02-03T19:59:27","slug":"firmenprofil","status":"publish","type":"page","link":"https:\/\/www.nanofluor.de\/en\/firmenprofil\/","title":{"rendered":"Profile"},"content":{"rendered":"<p class=\"qtranxs-available-languages-message qtranxs-available-languages-message-en\">Sorry, this entry is only available in <a href=\"https:\/\/www.nanofluor.de\/de\/wp-json\/wp\/v2\/pages\/72\" class=\"qtranxs-available-language-link qtranxs-available-language-link-de\" title=\"Deutsch\">Deutsch<\/a>. For the sake of viewer convenience, the content is shown below in the alternative language. You may click the link to switch the active language.<\/p><div class=\"NFMAINARTICLE_dachzeile\">Entwicklung, Fertigung und Lieferung von nanoskaligen Sole-Produkten<\/div>\r\n<div class=\"NFMAINARTICLE_headline\">\u00dcBER nanofluor<\/div>\r\n<div class=\"NFMAINARTICLE_article\">\r\n\r\n<span class=\"NFMAINARTICLE_headline_txt_p00em\"><span class=\"NFMAINARTICLE_NF_red\">nanofluor<\/span> \u2013 MAKING LIQUID NANO TECHNOLOGY<br \/>Die seit kurzem zug\u00e4nglichen nanoskaligen Metallfluoride zeigen Eigenschaften, die deutlich verschieden von herk\u00f6mmlichen Metallfluoriden sind.<br \/>Gegenw\u00e4rtig wird zusammen mit Industriepartnern an der Entwicklung einer gro\u00dftechnischen Fertigung dieser neuen Nano-Materialien gearbeitet&#8230;<\/span><span class=\"NFMAINARTICLE_headline_txt_p1em\"><span class=\"NFMAINARTICLE_NF_red\">nanofluor<\/span> f\u00fchrt Forschungs- und Entwicklungsarbeiten als eigenfinanzierte Projekte, in Zusammenarbeit mit Hochschuleinrichtungen und mittelst\u00e4ndischen Unternehmen, sowie im Auftrag von international operierenden Wirtschaftsunternehmen durch.<\/span>\r\n\r\n<span class=\"NFMAINARTICLE_headline_txt_p1em\">2010 hervorgegangen\/ausgegr\u00fcndet aus einer Transfergesellschaft\/Kooperation mit der Humboldt- Innovation GmbH&#8230; von der Manufaktur zur Fertigung im industriellen Ma\u00dfstab&#8230;<\/span>\r\n\r\n<span class=\"NFMAINARTICLE_headline_txt_p1em\">Alles aus einer Hand: Entwicklung, Fertigung, Lieferung von Solgel-Produkten und Pulvern&#8230;<\/span>\r\n\r\n<span class=\"NFMAINARTICLE_headline_txt\">VISIONEN<\/span>\r\n<span class=\"NFMAINARTICLE_headline_txt_p05em\">Lorem ipsum dolor sit amet, consectetuer adipiscing elit. Aenean commodo ligula eget dolor. Aenean massa. Cum sociis natoque penatibus et magnis dis parturient montes, nascetur ridiculus mus. Donec quam felis, ultricies nec, pellentesque eu, pretium quis, sem. Nulla consequat massa quis enim. Donec pede justo, fringilla vel, aliquet nec, vulputate eget, arcu. In enim justo, rhoncus ut, imperdiet a, venenatis vitae, justo. Nullam dictum felis eu pede mollis pretium. Integer tincidunt. Cras dapibus. Vivamus elementum semper nisi. Aenean vulputate eleifend tellus. Aenean leo ligula, porttitor eu, consequat vitae, eleifend ac, enim.<\/span>\r\n\r\n<span class=\"NFMAINARTICLE_headline_txt\">REFERENZPROJEKTE<\/span>\r\n<span class=\"NFMAINARTICLE_headline_txt_p05em\">Lorem ipsum dolor sit amet, consectetuer adipiscing elit. nanofluor aenean commodo ligula eget dolor. Aenean massa.<\/span>\r\n<span class=\"NFMAINARTICLE_headline_txt\">TEAM<\/span>\r\n<span class=\"NFMAINARTICLE_headline_txt_p05em\">Innovative Leistungen \/ Produkte werden realisiert durch ein engagiertes Team aus Wissenschaftlern und &#8230; \/ nanofluor steht f\u00fcr engagiertes Team&#8230;<\/span>\r\n\r\n<\/div>\r\n<div class=\"NFTEAM_MEMBER\"><span class=\"NFTEAM_MEMBER_IMAGE_left\"><img decoding=\"async\" src=\"https:\/\/www.nanofluor.de\/wp-content\/uploads\/nanofluor_team_fkvh.png\" style=\"height: auto; width: 60%;\"><\/span>\r\n<span class=\"NFTEAM_CONTENT\"><span class=\"NFTEAM_MEMBER_POSITION NFMAINARTICLE_NF_blue\">Gesch\u00e4ftsf\u00fchrung<\/span>\r\n<span class=\"NFTEAM_MEMBER_NAME\">Frank von Heyden<\/span>\r\n<span class=\"NFTEAM_MEMBER_DECRIPTION\"><span class=\"NFMAINARTICLE_NF_blue\">Erfahrungen:<\/span> Mehr als 15 Jahre im Bereich Projekt-, Produkt- und Kooperationsmanagement, sowie im Business Development t\u00e4tig f\u00fcr verschiedene Unternehmen u.a. Bild GmbH, Media Impact GmbH.<br \/>\r\n<span class=\"NFMAINARTICLE_NF_blue\">Expertise:<\/span> Projekt- und Kooperationsmanagement, Business Development, Legal Affairs, Accounting, Human Recources, Team Leading<\/span><\/span><\/div>\r\n<div class=\"NFTEAM_MEMBER\"><span class=\"NFTEAM_CONTENT\"><span class=\"NFTEAM_MEMBER_POSITION\">Gesch\u00e4ftsf\u00fchrung \/ Senior Scientist Advisor<\/span> <span class=\"NFTEAM_MEMBER_NAME\">Prof. Dr. Erhard Kemnitz<\/span> <span class=\"NFTEAM_MEMBER_DECRIPTION\"><span class=\"NFMAINARTICLE_NF_blue\">Erfahrungen:<\/span> Seit mehr als 30 Jahren als Professor an der Humboldt Universit\u00e4t zu Berlin t\u00e4tig im Bereich anorganische Chemie mit dem Fokus auf Festk\u00f6rperchemie und heterogener Katalyse. In dieser Zeit betreute er \u00fcber 100 Doktoranden, Master- und Bachelor Studenten.<br \/> <span class=\"NFMAINARTICLE_NF_blue\">Expertise:<\/span> Fluorolytische Sol-Gel-Synthese von nano-Metallfluoriden und heterogener Katalyse.<\/span><\/span> <span class=\"NFTEAM_MEMBER_IMAGE_right\"><img decoding=\"async\" src=\"https:\/\/www.nanofluor.de\/wp-content\/uploads\/nanofluor_team_ek.jpg\" style=\"height: auto; width: 60%;\"><\/span><\/div>\r\n<div class=\"NFTEAM_MEMBER\"><span class=\"NFTEAM_MEMBER_IMAGE_left\"><img decoding=\"async\" src=\"https:\/\/www.nanofluor.de\/wp-content\/uploads\/nanofluor_team_thk.jpg\" style=\"height: auto; width: 60%;\"><\/span>\r\n<span class=\"NFTEAM_CONTENT\"><span class=\"NFTEAM_MEMBER_POSITION NFMAINARTICLE_NF_blue\">Forschung und Entwicklung<\/span>\r\n<span class=\"NFTEAM_MEMBER_NAME\">Dr. Thoralf Krahl<\/span>\r\n<span class=\"NFTEAM_MEMBER_DECRIPTION\"><span class=\"NFMAINARTICLE_NF_blue\">Erfahrungen:<\/span> Synthese, Analyse, Entwicklung und Anwendung lumineszierender Nanopartikel, Entwicklung von Solen f\u00fcr AR-Schichten, Upscaling von Synthesen f\u00fcr den Industriema\u00dfstab, Fluorid-Fluxsysteme, Auftragsforschung Fluorid-Nanopartikeln.<br \/>\r\n<span class=\"NFMAINARTICLE_NF_blue\">Expertise:<\/span> Synthese, Entwicklung, Upscaling, Lumineszenz, Analyse <\/span><\/span><\/div>\r\n<div class=\"NFTEAM_MEMBER\"><span class=\"NFTEAM_CONTENT\"><span class=\"NFTEAM_MEMBER_POSITION\">Forschung und Entwicklung \/ Business Development<\/span> <span class=\"NFTEAM_MEMBER_NAME\">Dr. Stefan Mahn<\/span> <span class=\"NFTEAM_MEMBER_DECRIPTION\"><span class=\"NFMAINARTICLE_NF_blue\">Erfahrungen:<\/span> Entwicklung, Testen und Verbesserung von nano-metallfluoridischen Zahnkompositen, aktiven und passiven Brandschutzbeschichtungen, Katalysatoren, bioabbaubarer Komposite und Knochenersatzstoffe, Einf\u00fchrung und Implementierung von PM-Ma\u00dfnahmen.<br \/>\r\n<span class=\"NFMAINARTICLE_NF_blue\">Expertise:<\/span> Nanopartikelsynthese, AR Coating, Nanopartikel-Polymerkompositsysteme, Brandschutz. <\/span><\/span> <span class=\"NFTEAM_MEMBER_IMAGE_right\"><img decoding=\"async\" src=\"https:\/\/www.nanofluor.de\/wp-content\/uploads\/nanofluor_team_sm.jpg\" style=\"height: auto; width: 60%;\"><\/span><\/div>\r\n<div class=\"NFTEAM_MEMBER\"><span class=\"NFTEAM_MEMBER_IMAGE_left\"><img decoding=\"async\" src=\"https:\/\/www.nanofluor.de\/wp-content\/uploads\/nanofluor_team_nk.jpg\" style=\"height: auto; width: 60%;\"><\/span>\r\n<span class=\"NFTEAM_CONTENT\"><span class=\"NFTEAM_MEMBER_POSITION NFMAINARTICLE_NF_blue\">Forschung und Entwicklung<\/span>\r\n<span class=\"NFTEAM_MEMBER_NAME\">Nils Knabe, B.Sc.<\/span>\r\n<span class=\"NFTEAM_MEMBER_DECRIPTION\"><span class=\"NFMAINARTICLE_NF_blue\">Erfahrungen:<\/span> Entwicklung und Testung von Arbeitsprozessen auf Laborebene, Synthese und Anlalyse.<br \/>\r\n<span class=\"NFMAINARTICLE_NF_blue\">Expertise:<\/span> AR Coating, Brandschutz, Umsetzung von konzipierten Arbeitsporzessen <\/span><\/span><\/div>","protected":false},"excerpt":{"rendered":"nanofluor \u2013 MAKING LIQUID NANO TECHNOLOGY[br]Die seit kurzem zug\u00e4nglichen nanoskaligen Metallfluoride zeigen Eigenschaften, die deutlich verschieden von herk\u00f6mmlichen Metallfluoriden sind.[br]Gegenw\u00e4rtig wird zusammen mit Industriepartnern an der Entwicklung einer gro\u00dftechnischen Fertigung dieser neuen Nano-Materialien gearbeitet&#8230; nanofluor f\u00fchrt Forschungs- und Entwicklungsarbeiten als eigenfinanzierte Projekte, in Zusammenarbeit mit Hochschuleinrichtungen und mittelst\u00e4ndischen Unternehmen, sowie im Auftrag von international operierenden Wirtschaftsunternehmen durch.","protected":false},"author":3,"featured_media":0,"parent":0,"menu_order":1,"comment_status":"closed","ping_status":"closed","template":"page-twodynamic.php","meta":{"footnotes":""},"class_list":["post-72","page","type-page","status-publish","hentry"],"_links":{"self":[{"href":"https:\/\/www.nanofluor.de\/en\/wp-json\/wp\/v2\/pages\/72","targetHints":{"allow":["GET"]}}],"collection":[{"href":"https:\/\/www.nanofluor.de\/en\/wp-json\/wp\/v2\/pages"}],"about":[{"href":"https:\/\/www.nanofluor.de\/en\/wp-json\/wp\/v2\/types\/page"}],"author":[{"embeddable":true,"href":"https:\/\/www.nanofluor.de\/en\/wp-json\/wp\/v2\/users\/3"}],"replies":[{"embeddable":true,"href":"https:\/\/www.nanofluor.de\/en\/wp-json\/wp\/v2\/comments?post=72"}],"version-history":[{"count":49,"href":"https:\/\/www.nanofluor.de\/en\/wp-json\/wp\/v2\/pages\/72\/revisions"}],"predecessor-version":[{"id":544,"href":"https:\/\/www.nanofluor.de\/en\/wp-json\/wp\/v2\/pages\/72\/revisions\/544"}],"wp:attachment":[{"href":"https:\/\/www.nanofluor.de\/en\/wp-json\/wp\/v2\/media?parent=72"}],"curies":[{"name":"wp","href":"https:\/\/api.w.org\/{rel}","templated":true}]}}