{"id":12,"date":"2020-01-20T08:08:37","date_gmt":"2020-01-20T07:08:37","guid":{"rendered":"https:\/\/www.nanofluor.de\/?page_id=12"},"modified":"2021-09-07T10:22:33","modified_gmt":"2021-09-07T08:22:33","slug":"startseite","status":"publish","type":"page","link":"https:\/\/www.nanofluor.de\/en\/","title":{"rendered":"Start"},"content":{"rendered":"<p class=\"qtranxs-available-languages-message qtranxs-available-languages-message-en\">Sorry, this entry is only available in <a href=\"https:\/\/www.nanofluor.de\/de\/wp-json\/wp\/v2\/pages\/12\" class=\"qtranxs-available-language-link qtranxs-available-language-link-de\" title=\"Deutsch\">Deutsch<\/a>. For the sake of viewer convenience, the content is shown below in the alternative language. You may click the link to switch the active language.<\/p><div class=\"NFMAINARTICLE_dachzeile\">Willkommen auf der Webseite von nanofluor<\/div>\r\n<div class=\"NFMAINARTICLE_headline\">nanofluor \u2013 MAKING LIQUID NANO TECHNOLOGY<\/div>\r\n<div class=\"NFMAINARTICLE_article\">Auf Basis der nanofluor-Metallfluorid-Sole setzt nanofluor neue Ma\u00dfst\u00e4be in der Oberfl\u00e4chenbeschichtung, -h\u00e4rtung und -veredlung wie f\u00fcr die Entspiegelung von Architekturgl\u00e4sern, von Photovoltaikmodulen, von optischen und ophthalmologischen Linsensystemen, von Hochleistungskeramiken und transparenten fluoridischen Vollkeramiken, der Antikorrosionsbeschichtung von Aluminiumwerkstoffen bis hin zu neuartigen Dentalproduktanwendungen u. a.<br \/><br \/>Gegenw\u00e4rtig wird zusammen mit Industriepartnern an der Entwicklung einer gro\u00dftechnischen Fertigung dieser neuen Nano-Materialien gearbeitet&#8230;\r\nnanofluor f\u00fchrt Forschungs- und Entwicklungsarbeiten als eigenfinanzierte Projekte, in Zusammenarbeit mit Hochschuleinrichtungen und mittelst\u00e4ndischen Unternehmen, sowie im Auftrag von international operierenden Wirtschaftsunternehmen durch.<br \/><br \/>Lorem ipsum dolor sit amet, consectetuer adipiscing elit. Aenean commodo ligula eget dolor. Aenean massa. Cum sociis natoque penatibus et magnis dis parturient montes, nascetur ridiculus mus. Donec quam felis, ultricies nec, pellentesque eu, pretium quis, sem. Nulla consequat massa quis enim. Donec pede justo, fringilla vel, aliquet nec, vulputate eget, arcu. In enim justo, rhoncus ut, imperdiet a, venenatis vitae, justo. Nullam dictum felis eu pede mollis pretium. Integer tincidunt. Cras dapibus. Vivamus elementum semper nisi. Aenean vulputate eleifend tellus. Aenean leo ligula, porttitor eu, consequat vitae, eleifend ac, enim. Aliquam lorem ante, dapibus in, viverra quis, feugiat a, tellus.<\/div>","protected":false},"excerpt":{"rendered":"Sorry, this entry is only available in Deutsch. For the sake of viewer convenience, the content is shown below in the alternative language. You may click the link to switch the active language.Willkommen auf der Webseite von nanofluor nanofluor \u2013 MAKING LIQUID NANO TECHNOLOGY Auf Basis der nanofluor-Metallfluorid-Sole setzt nanofluor neue Ma\u00dfst\u00e4be in der Oberfl\u00e4chenbeschichtung, [&hellip;]","protected":false},"author":3,"featured_media":0,"parent":115,"menu_order":1,"comment_status":"closed","ping_status":"closed","template":"page-twodynamic.php","meta":{"footnotes":""},"class_list":["post-12","page","type-page","status-publish","hentry"],"_links":{"self":[{"href":"https:\/\/www.nanofluor.de\/en\/wp-json\/wp\/v2\/pages\/12","targetHints":{"allow":["GET"]}}],"collection":[{"href":"https:\/\/www.nanofluor.de\/en\/wp-json\/wp\/v2\/pages"}],"about":[{"href":"https:\/\/www.nanofluor.de\/en\/wp-json\/wp\/v2\/types\/page"}],"author":[{"embeddable":true,"href":"https:\/\/www.nanofluor.de\/en\/wp-json\/wp\/v2\/users\/3"}],"replies":[{"embeddable":true,"href":"https:\/\/www.nanofluor.de\/en\/wp-json\/wp\/v2\/comments?post=12"}],"version-history":[{"count":14,"href":"https:\/\/www.nanofluor.de\/en\/wp-json\/wp\/v2\/pages\/12\/revisions"}],"predecessor-version":[{"id":674,"href":"https:\/\/www.nanofluor.de\/en\/wp-json\/wp\/v2\/pages\/12\/revisions\/674"}],"up":[{"embeddable":true,"href":"https:\/\/www.nanofluor.de\/en\/wp-json\/wp\/v2\/pages\/115"}],"wp:attachment":[{"href":"https:\/\/www.nanofluor.de\/en\/wp-json\/wp\/v2\/media?parent=12"}],"curies":[{"name":"wp","href":"https:\/\/api.w.org\/{rel}","templated":true}]}}