{"id":117,"date":"2020-01-22T05:06:34","date_gmt":"2020-01-22T04:06:34","guid":{"rendered":"https:\/\/www.nanofluor.de\/?page_id=117"},"modified":"2021-09-21T14:24:34","modified_gmt":"2021-09-21T12:24:34","slug":"forschung-und-entwicklung","status":"publish","type":"page","link":"https:\/\/www.nanofluor.de\/en\/forschung-und-entwicklung\/","title":{"rendered":"Research and Development"},"content":{"rendered":"<p class=\"qtranxs-available-languages-message qtranxs-available-languages-message-en\">Sorry, this entry is only available in <a href=\"https:\/\/www.nanofluor.de\/de\/wp-json\/wp\/v2\/pages\/117\" class=\"qtranxs-available-language-link qtranxs-available-language-link-de\" title=\"Deutsch\">Deutsch<\/a>. For the sake of viewer convenience, the content is shown below in the alternative language. You may click the link to switch the active language.<\/p><div class=\"NFMAINARTICLE_dachzeile\">nanofluor \u2013 Kernkompetenzen<\/div>\r\n<div class=\"NFMAINARTICLE_headline\">FORSCHUNG UND ENTWICKLUNG<\/div>\r\n<span class=\"NFMAINARTICLE_section\"><span class=\"NFMAINARTICLE_left\"><span class=\"NFMAINARTICLE_article_txt\"><span class=\"NFMAINARTICLE_NF_red\">nanofluor<\/span> \u2013 als Forschungs- und Dienstleistungsunternehmen unterst\u00fctzt das Unternehmen Firmen aller Branchen bei der Anwendung kratzfester, transparenter, stabiler Beschichtungsl\u00f6sungen f\u00fcr hochbeanspruchte Komponeten.<br \/><br \/>\r\nEine besondere Herausforderung ist die verl\u00e4ssliche Anbindung der Sole an andere Materialien\/ Materialsysteme.<br \/><br \/>\r\nAusgehend von ausf\u00fchrlichen Analysen, von industriellen Vorgaben werden die Metallfluorid-Sole von <span class=\"NFMAINARTICLE_NF_red\">nanofluor<\/span> anwenderbezogen entwickelt, optimiert und gepr\u00fcft und in hoher Qualit\u00e4t gebrauchsfertig geliefert.<br \/><br \/>\r\nDie Forschungsziele werden auf den industriellen Bedarf , die zu beschichtenden Grundmaterialien abgestimmt (?).<br \/><br \/>\r\n<span class=\"NFMAINARTICLE_NF_blue\">VORTEILE<\/span><br \/>\r\n&#8211; Lorem ipsum dolor sit amet, consectetuer adipiscing elit.<br \/>\r\n&#8211; Lorem ipsum dolor sit amet, consectetuer adipiscing elit.<br \/>\r\n&#8211; Lorem ipsum dolor sit amet, consectetuer adipiscing elit.<br \/><br \/>\r\n<span class=\"NFMAINARTICLE_NF_blue\">TECHNISCH-TECHNOLOGISCHE AUSSTATTUNG<\/span><br \/>\r\n&#8211; Lorem ipsum dolor sit amet, consectetuer adipiscing elit.<br \/>\r\n&#8211; Lorem ipsum dolor sit amet, consectetuer adipiscing elit.<br \/>\r\n&#8211; Lorem ipsum dolor sit amet, consectetuer adipiscing elit.<br \/><br \/>\r\n<span class=\"NFMAINARTICLE_NF_blue\">ANLAGEN \/ AUSSTATTUNG<\/span><br \/>\r\n&#8211; Lorem ipsum dolor sit amet, consectetuer adipiscing elit.<br \/>\r\n&#8211; Lorem ipsum dolor sit amet, consectetuer adipiscing elit.<br \/>\r\n&#8211; Lorem ipsum dolor sit amet, consectetuer adipiscing elit.\r\n<\/span><\/span><\/span>\r\n<span class=\"NFMAINARTICLE_section\"><span class=\"NFMAINARTICLE_headline_txt_section\">sdsdsddsdsds<\/span><span class=\"NFMAINARTICLE_left\"><span class=\"NFMAINARTICLE_article_txt NFMAINARTICLE_headline_txt_p05em\">dsdsdsdsdsndnsm,dnsdn,msds,mnd,msdn<br \/>sdjsdhkjsdhkjsdhs<\/span><\/span><\/span>","protected":false},"excerpt":{"rendered":"Sorry, this entry is only available in Deutsch. For the sake of viewer convenience, the content is shown below in the alternative language. You may click the link to switch the active language.nanofluor \u2013 Kernkompetenzen FORSCHUNG UND ENTWICKLUNG nanofluor \u2013 als Forschungs- und Dienstleistungsunternehmen unterst\u00fctzt das Unternehmen Firmen aller Branchen bei der Anwendung kratzfester, transparenter, [&hellip;]","protected":false},"author":3,"featured_media":0,"parent":0,"menu_order":2,"comment_status":"closed","ping_status":"closed","template":"page-twodynamic.php","meta":{"footnotes":""},"class_list":["post-117","page","type-page","status-publish","hentry"],"_links":{"self":[{"href":"https:\/\/www.nanofluor.de\/en\/wp-json\/wp\/v2\/pages\/117","targetHints":{"allow":["GET"]}}],"collection":[{"href":"https:\/\/www.nanofluor.de\/en\/wp-json\/wp\/v2\/pages"}],"about":[{"href":"https:\/\/www.nanofluor.de\/en\/wp-json\/wp\/v2\/types\/page"}],"author":[{"embeddable":true,"href":"https:\/\/www.nanofluor.de\/en\/wp-json\/wp\/v2\/users\/3"}],"replies":[{"embeddable":true,"href":"https:\/\/www.nanofluor.de\/en\/wp-json\/wp\/v2\/comments?post=117"}],"version-history":[{"count":33,"href":"https:\/\/www.nanofluor.de\/en\/wp-json\/wp\/v2\/pages\/117\/revisions"}],"predecessor-version":[{"id":694,"href":"https:\/\/www.nanofluor.de\/en\/wp-json\/wp\/v2\/pages\/117\/revisions\/694"}],"wp:attachment":[{"href":"https:\/\/www.nanofluor.de\/en\/wp-json\/wp\/v2\/media?parent=117"}],"curies":[{"name":"wp","href":"https:\/\/api.w.org\/{rel}","templated":true}]}}