{"id":104,"date":"2020-01-21T10:04:24","date_gmt":"2020-01-21T09:04:24","guid":{"rendered":"https:\/\/www.nanofluor.de\/?page_id=104"},"modified":"2020-10-30T12:22:27","modified_gmt":"2020-10-30T11:22:27","slug":"datenschutz","status":"publish","type":"page","link":"https:\/\/www.nanofluor.de\/en\/service\/datenschutz\/","title":{"rendered":"Privacy Policy"},"content":{"rendered":"<p class=\"qtranxs-available-languages-message qtranxs-available-languages-message-en\">Sorry, this entry is only available in <a href=\"https:\/\/www.nanofluor.de\/de\/wp-json\/wp\/v2\/pages\/104\" class=\"qtranxs-available-language-link qtranxs-available-language-link-de\" title=\"Deutsch\">Deutsch<\/a>. For the sake of viewer convenience, the content is shown below in the alternative language. You may click the link to switch the active language.<\/p><div class=\"NFMAINARTICLE_dachzeile\">nanofluor &#8211; Datenschutz<\/div>\r\n<div class=\"NFMAINARTICLE_headline\">DATENSCHUTZERKL\u00c4RUNG<\/div>\r\n<div class=\"NFMAINARTICLE_article\"><span class=\"NFMAINARTICLE_NF_blue\">DATENSCHUTZ<\/span>. Die Betreiber dieser Seiten nehmen den Schutz Ihrer pers\u00f6nlichen Daten sehr ernst. Wir behandeln Ihre personenbezogenen Daten vertraulich und entsprechend der gesetzlichen Datenschutzvorschriften sowie dieser Datenschutzerkl\u00e4rung.\r\nDie Nutzung unserer Webseite ist in der Regel ohne Angabe personenbezogener Daten m\u00f6glich. Soweit auf unseren Seiten personenbezogene Daten (beispielsweise Name, Anschrift oder E-Mail-Adressen) erhoben werden, erfolgt dies, soweit m\u00f6glich, stets auf freiwilliger Basis. Diese Daten werden ohne Ihre ausdr\u00fcckliche Zustimmung nicht an Dritte weitergegeben.\r\nWir weisen darauf hin, dass die Daten\u00fcbertragung im Internet (z.B. bei der Kommunikation per E-Mail) Sicherheitsl\u00fccken aufweisen kann. Ein l\u00fcckenloser Schutz der Daten vor dem Zugriff durch Dritte ist nicht m\u00f6glich.<br \/><br \/>\r\n<span class=\"NFMAINARTICLE_headline_txt_p0em\"><span class=\"NFMAINARTICLE_NF_blue\">COOKIES<\/span>. Die Internetseiten verwenden teilweise so genannte Cookies. Cookies richten auf Ihrem Rechner keinen Schaden an und enthalten keine Viren. Cookies dienen dazu, unser Angebot nutzerfreundlicher, effektiver und sicherer zu machen. Cookies sind kleine Textdateien, die auf Ihrem Rechner abgelegt werden und die Ihr Browser speichert.<br \/><\/span><span class=\"NFMAINARTICLE_headline_txt_p0em\">Die meisten der von uns verwendeten Cookies sind sogenannte &#8220;Session-Cookies&#8221;. Sie werden nach Ende Ihres Besuchs automatisch gel\u00f6scht. Andere Cookies bleiben auf Ihrem Endger\u00e4t gespeichert, bis Sie diese l\u00f6schen. Diese Cookies erm\u00f6glichen es uns, Ihren Browser beim n\u00e4chsten Besuch wiederzuerkennen.<br \/><br \/><\/span><span class=\"NFMAINARTICLE_NF_blue\">BROWSER PLUGIN.<\/span> Sie k\u00f6nnen die Speicherung der Cookies durch eine entsprechende Einstellung Ihrer Browser-Software verhindern; wir weisen Sie jedoch darauf hin, dass Sie in diesem Fall gegebenenfalls nicht s\u00e4mtliche Funktionen dieser Website vollumf\u00e4nglich werden nutzen k\u00f6nnen. Sie k\u00f6nnen dar\u00fcber hinaus die Erfassung der durch das Cookie erzeugten und auf Ihre Nutzung der Website bezogenen Daten (inkl. Ihrer IP-Adresse) an Google sowie die Verarbeitung dieser Daten durch Google verhindern, indem sie das unter dem folgenden Link verf\u00fcgbare Browser-Plugin herunterladen und installieren: https:\/\/tools.google.com\/dlpage\/gaoptout?hl=de<\/div>","protected":false},"excerpt":{"rendered":"Sorry, this entry is only available in Deutsch. For the sake of viewer convenience, the content is shown below in the alternative language. You may click the link to switch the active language.nanofluor &#8211; Datenschutz DATENSCHUTZERKL\u00c4RUNG DATENSCHUTZ. Die Betreiber dieser Seiten nehmen den Schutz Ihrer pers\u00f6nlichen Daten sehr ernst. Wir behandeln Ihre personenbezogenen Daten vertraulich [&hellip;]","protected":false},"author":3,"featured_media":0,"parent":115,"menu_order":6,"comment_status":"closed","ping_status":"closed","template":"","meta":{"footnotes":""},"class_list":["post-104","page","type-page","status-publish","hentry"],"_links":{"self":[{"href":"https:\/\/www.nanofluor.de\/en\/wp-json\/wp\/v2\/pages\/104","targetHints":{"allow":["GET"]}}],"collection":[{"href":"https:\/\/www.nanofluor.de\/en\/wp-json\/wp\/v2\/pages"}],"about":[{"href":"https:\/\/www.nanofluor.de\/en\/wp-json\/wp\/v2\/types\/page"}],"author":[{"embeddable":true,"href":"https:\/\/www.nanofluor.de\/en\/wp-json\/wp\/v2\/users\/3"}],"replies":[{"embeddable":true,"href":"https:\/\/www.nanofluor.de\/en\/wp-json\/wp\/v2\/comments?post=104"}],"version-history":[{"count":5,"href":"https:\/\/www.nanofluor.de\/en\/wp-json\/wp\/v2\/pages\/104\/revisions"}],"predecessor-version":[{"id":382,"href":"https:\/\/www.nanofluor.de\/en\/wp-json\/wp\/v2\/pages\/104\/revisions\/382"}],"up":[{"embeddable":true,"href":"https:\/\/www.nanofluor.de\/en\/wp-json\/wp\/v2\/pages\/115"}],"wp:attachment":[{"href":"https:\/\/www.nanofluor.de\/en\/wp-json\/wp\/v2\/media?parent=104"}],"curies":[{"name":"wp","href":"https:\/\/api.w.org\/{rel}","templated":true}]}}